{"id":9822,"date":"2024-09-26T09:37:18","date_gmt":"2024-09-26T12:37:18","guid":{"rendered":"https:\/\/enerone.com.ar\/energia-renovable\/?page_id=9822"},"modified":"2024-12-03T17:08:41","modified_gmt":"2024-12-03T20:08:41","slug":"tianwu-aio-l","status":"publish","type":"page","link":"https:\/\/enerone.com.ar\/energia-renovable\/productos\/linea-tianwu\/tianwu-aio-l\/","title":{"rendered":"TIANWU-AIO-L"},"content":{"rendered":"\t\t<div data-elementor-type=\"wp-page\" data-elementor-id=\"9822\" class=\"elementor elementor-9822\" data-elementor-post-type=\"page\">\n\t\t\t\t<div class=\"elementor-element elementor-element-7f8c9f29 e-flex e-con-boxed e-con e-parent\" data-id=\"7f8c9f29\" data-element_type=\"container\" data-e-type=\"container\">\n\t\t\t\t\t<div class=\"e-con-inner\">\n\t\t\t\t\t<\/div>\n\t\t\t\t<\/div>\n\t\t<div class=\"elementor-element elementor-element-acbaac1 e-flex e-con-boxed e-con e-parent\" data-id=\"acbaac1\" data-element_type=\"container\" data-e-type=\"container\" data-settings=\"{&quot;background_background&quot;:&quot;classic&quot;}\">\n\t\t\t\t\t<div class=\"e-con-inner\">\n\t\t\t\t<div class=\"elementor-element elementor-element-7139dd68 elementor-widget elementor-widget-heading\" data-id=\"7139dd68\" data-element_type=\"widget\" data-e-type=\"widget\" data-widget_type=\"heading.default\">\n\t\t\t\t<div class=\"elementor-widget-container\">\n\t\t\t\t\t<h2 class=\"elementor-heading-title elementor-size-default\">TIANWU-AIO-L<\/h2>\t\t\t\t<\/div>\n\t\t\t\t<\/div>\n\t\t\t\t<div class=\"elementor-element elementor-element-743a1f02 elementor-widget elementor-widget-text-editor\" data-id=\"743a1f02\" data-element_type=\"widget\" data-e-type=\"widget\" data-widget_type=\"text-editor.default\">\n\t\t\t\t<div class=\"elementor-widget-container\">\n\t\t\t\t\t\t\t\t\t<div class=\"flex-shrink-0 flex flex-col relative items-end\"><div class=\"pt-0\"><div class=\"gizmo-bot-avatar flex h-8 w-8 items-center justify-center overflow-hidden rounded-full\"><div class=\"relative p-1 rounded-sm flex items-center justify-center bg-token-main-surface-primary text-token-text-primary h-8 w-8\">Sistema de Almacenamiento de Energ\u00eda con Bater\u00edas Todo-en-Uno para Aplicaciones Comerciales e Industriales (C&amp;I)<\/div><\/div><\/div><\/div>\t\t\t\t\t\t\t\t<\/div>\n\t\t\t\t<\/div>\n\t\t\t\t\t<\/div>\n\t\t\t\t<\/div>\n\t\t<div class=\"elementor-element elementor-element-4cf1e628 e-flex e-con-boxed e-con e-parent\" data-id=\"4cf1e628\" data-element_type=\"container\" data-e-type=\"container\" data-settings=\"{&quot;background_background&quot;:&quot;classic&quot;}\">\n\t\t\t\t\t<div class=\"e-con-inner\">\n\t\t\t\t<div class=\"elementor-element elementor-element-5d733725 elementor-widget elementor-widget-heading\" data-id=\"5d733725\" data-element_type=\"widget\" data-e-type=\"widget\" data-widget_type=\"heading.default\">\n\t\t\t\t<div class=\"elementor-widget-container\">\n\t\t\t\t\t<h2 class=\"elementor-heading-title elementor-size-default\">Capacidad: 100kW\/233kWh<\/h2>\t\t\t\t<\/div>\n\t\t\t\t<\/div>\n\t\t\t\t<div class=\"elementor-element elementor-element-17ab7f16 elementor-widget elementor-widget-heading\" data-id=\"17ab7f16\" data-element_type=\"widget\" data-e-type=\"widget\" data-widget_type=\"heading.default\">\n\t\t\t\t<div class=\"elementor-widget-container\">\n\t\t\t\t\t<h2 class=\"elementor-heading-title elementor-size-default\">All-In-One<\/h2>\t\t\t\t<\/div>\n\t\t\t\t<\/div>\n\t\t\t\t<div class=\"elementor-element elementor-element-55c36a64 elementor-widget elementor-widget-spacer\" data-id=\"55c36a64\" data-element_type=\"widget\" data-e-type=\"widget\" data-widget_type=\"spacer.default\">\n\t\t\t\t<div class=\"elementor-widget-container\">\n\t\t\t\t\t\t\t<div class=\"elementor-spacer\">\n\t\t\t<div class=\"elementor-spacer-inner\"><\/div>\n\t\t<\/div>\n\t\t\t\t\t\t<\/div>\n\t\t\t\t<\/div>\n\t\t\t\t<div class=\"elementor-element elementor-element-c299710 elementor-widget elementor-widget-spacer\" data-id=\"c299710\" data-element_type=\"widget\" data-e-type=\"widget\" data-widget_type=\"spacer.default\">\n\t\t\t\t<div class=\"elementor-widget-container\">\n\t\t\t\t\t\t\t<div class=\"elementor-spacer\">\n\t\t\t<div class=\"elementor-spacer-inner\"><\/div>\n\t\t<\/div>\n\t\t\t\t\t\t<\/div>\n\t\t\t\t<\/div>\n\t\t\t\t\t<\/div>\n\t\t\t\t<\/div>\n\t\t<div class=\"elementor-element elementor-element-55cb7751 e-flex e-con-boxed e-con e-parent\" data-id=\"55cb7751\" data-element_type=\"container\" data-e-type=\"container\" data-settings=\"{&quot;background_background&quot;:&quot;classic&quot;}\">\n\t\t\t\t\t<div class=\"e-con-inner\">\n\t\t\t\t<div class=\"elementor-element elementor-element-167e6c2 elementor-widget elementor-widget-heading\" data-id=\"167e6c2\" data-element_type=\"widget\" data-e-type=\"widget\" data-widget_type=\"heading.default\">\n\t\t\t\t<div class=\"elementor-widget-container\">\n\t\t\t\t\t<h2 class=\"elementor-heading-title elementor-size-default\">M\u00e1xima Eficiencia con Instalaci\u00f3n F\u00e1cil<\/h2>\t\t\t\t<\/div>\n\t\t\t\t<\/div>\n\t\t\t\t<div class=\"elementor-element elementor-element-7cda422 elementor-widget elementor-widget-text-editor\" data-id=\"7cda422\" data-element_type=\"widget\" data-e-type=\"widget\" data-widget_type=\"text-editor.default\">\n\t\t\t\t<div class=\"elementor-widget-container\">\n\t\t\t\t\t\t\t\t\t<p>La serie <em>TIANWU-AIO-L<\/em> es un sistema de almacenamiento de energ\u00eda (ESS) todo-en-uno para aplicaciones comerciales e industriales, que utiliza refrigeraci\u00f3n l\u00edquida.<\/p>\t\t\t\t\t\t\t\t<\/div>\n\t\t\t\t<\/div>\n\t\t\t\t\t<\/div>\n\t\t\t\t<\/div>\n\t\t<div class=\"elementor-element elementor-element-5b82468b e-flex e-con-boxed e-con e-parent\" data-id=\"5b82468b\" data-element_type=\"container\" data-e-type=\"container\" data-settings=\"{&quot;background_background&quot;:&quot;classic&quot;}\">\n\t\t\t\t\t<div class=\"e-con-inner\">\n\t\t<div class=\"elementor-element elementor-element-292e17a5 e-con-full e-flex e-con e-child\" data-id=\"292e17a5\" data-element_type=\"container\" data-e-type=\"container\">\n\t\t\t\t<div class=\"elementor-element elementor-element-7b25e83 elementor-widget elementor-widget-image\" data-id=\"7b25e83\" data-element_type=\"widget\" data-e-type=\"widget\" data-widget_type=\"image.default\">\n\t\t\t\t<div class=\"elementor-widget-container\">\n\t\t\t\t\t\t\t\t\t\t\t\t\t\t\t<img fetchpriority=\"high\" decoding=\"async\" width=\"780\" height=\"779\" src=\"https:\/\/enerone.com.ar\/energia-renovable\/wp-content\/uploads\/2024\/09\/\u4fa7\u9762-1.png\" class=\"attachment-large size-large wp-image-9812\" alt=\"\" srcset=\"https:\/\/enerone.com.ar\/energia-renovable\/wp-content\/uploads\/2024\/09\/\u4fa7\u9762-1.png 780w, https:\/\/enerone.com.ar\/energia-renovable\/wp-content\/uploads\/2024\/09\/\u4fa7\u9762-1-300x300.png 300w, https:\/\/enerone.com.ar\/energia-renovable\/wp-content\/uploads\/2024\/09\/\u4fa7\u9762-1-150x150.png 150w, https:\/\/enerone.com.ar\/energia-renovable\/wp-content\/uploads\/2024\/09\/\u4fa7\u9762-1-768x767.png 768w\" sizes=\"(max-width: 780px) 100vw, 780px\" \/>\t\t\t\t\t\t\t\t\t\t\t\t\t\t\t<\/div>\n\t\t\t\t<\/div>\n\t\t\t\t<\/div>\n\t\t<div class=\"elementor-element elementor-element-70052544 e-con-full e-flex e-con e-child\" data-id=\"70052544\" data-element_type=\"container\" data-e-type=\"container\">\n\t\t<div class=\"elementor-element elementor-element-3fcbd8e1 e-con-full e-flex e-con e-child\" data-id=\"3fcbd8e1\" data-element_type=\"container\" data-e-type=\"container\">\n\t\t\t\t<div class=\"elementor-element elementor-element-5b48552c elementor-widget elementor-widget-heading\" data-id=\"5b48552c\" data-element_type=\"widget\" data-e-type=\"widget\" data-widget_type=\"heading.default\">\n\t\t\t\t<div class=\"elementor-widget-container\">\n\t\t\t\t\t<h2 class=\"elementor-heading-title elementor-size-default\">Tecnolog\u00eda Avanzada<\/h2>\t\t\t\t<\/div>\n\t\t\t\t<\/div>\n\t\t\t\t<div class=\"elementor-element elementor-element-1aef4e65 elementor-widget elementor-widget-text-editor\" data-id=\"1aef4e65\" data-element_type=\"widget\" data-e-type=\"widget\" data-widget_type=\"text-editor.default\">\n\t\t\t\t<div class=\"elementor-widget-container\">\n\t\t\t\t\t\t\t\t\t<p>Est\u00e1 integrado con un convertidor de almacenamiento de energ\u00eda, bater\u00edas, sistema de gesti\u00f3n de bater\u00edas (BMS), sistema de gesti\u00f3n de energ\u00eda (EMS), gesti\u00f3n t\u00e9rmica, distribuci\u00f3n de energ\u00eda y protecci\u00f3n contra incendios.<\/p>\t\t\t\t\t\t\t\t<\/div>\n\t\t\t\t<\/div>\n\t\t\t\t<\/div>\n\t\t<div class=\"elementor-element elementor-element-2c34fed4 e-con-full e-flex e-con e-child\" data-id=\"2c34fed4\" data-element_type=\"container\" data-e-type=\"container\">\n\t\t\t\t<div class=\"elementor-element elementor-element-712860c7 elementor-widget elementor-widget-heading\" data-id=\"712860c7\" data-element_type=\"widget\" data-e-type=\"widget\" data-widget_type=\"heading.default\">\n\t\t\t\t<div class=\"elementor-widget-container\">\n\t\t\t\t\t<h2 class=\"elementor-heading-title elementor-size-default\">Seguridad Optimizada<\/h2>\t\t\t\t<\/div>\n\t\t\t\t<\/div>\n\t\t\t\t<div class=\"elementor-element elementor-element-402e6d22 elementor-widget elementor-widget-text-editor\" data-id=\"402e6d22\" data-element_type=\"widget\" data-e-type=\"widget\" data-widget_type=\"text-editor.default\">\n\t\t\t\t<div class=\"elementor-widget-container\">\n\t\t\t\t\t\t\t\t\t<p>Su dise\u00f1o todo-en-uno facilita tanto la instalaci\u00f3n como el mantenimiento (O&amp;M), mientras que las caracter\u00edsticas de seguridad del sistema aseguran un mejor rendimiento y una vida \u00fatil m\u00e1s larga de las bater\u00edas. Adem\u00e1s, varios gabinetes se pueden conectar en paralelo para expandir la capacidad del sistema de almacenamiento de energ\u00eda<\/p>\t\t\t\t\t\t\t\t<\/div>\n\t\t\t\t<\/div>\n\t\t\t\t<\/div>\n\t\t\t\t<\/div>\n\t\t\t\t\t<\/div>\n\t\t\t\t<\/div>\n\t\t<div class=\"elementor-element elementor-element-fde75c6 e-flex e-con-boxed e-con e-parent\" data-id=\"fde75c6\" data-element_type=\"container\" data-e-type=\"container\" data-settings=\"{&quot;background_background&quot;:&quot;classic&quot;}\">\n\t\t\t\t\t<div class=\"e-con-inner\">\n\t\t\t\t<div class=\"elementor-element elementor-element-28774e6b elementor-widget elementor-widget-spacer\" data-id=\"28774e6b\" data-element_type=\"widget\" data-e-type=\"widget\" data-widget_type=\"spacer.default\">\n\t\t\t\t<div class=\"elementor-widget-container\">\n\t\t\t\t\t\t\t<div class=\"elementor-spacer\">\n\t\t\t<div class=\"elementor-spacer-inner\"><\/div>\n\t\t<\/div>\n\t\t\t\t\t\t<\/div>\n\t\t\t\t<\/div>\n\t\t\t\t<div class=\"elementor-element elementor-element-5a7d7cb3 elementor-widget elementor-widget-heading\" data-id=\"5a7d7cb3\" data-element_type=\"widget\" data-e-type=\"widget\" data-widget_type=\"heading.default\">\n\t\t\t\t<div class=\"elementor-widget-container\">\n\t\t\t\t\t<h2 class=\"elementor-heading-title elementor-size-default\">Garant\u00eda de 10 a\u00f1os asegurada.<\/h2>\t\t\t\t<\/div>\n\t\t\t\t<\/div>\n\t\t\t\t<div class=\"elementor-element elementor-element-dd1bd8b elementor-widget elementor-widget-accordion\" data-id=\"dd1bd8b\" data-element_type=\"widget\" data-e-type=\"widget\" data-widget_type=\"accordion.default\">\n\t\t\t\t<div class=\"elementor-widget-container\">\n\t\t\t\t\t\t\t<div class=\"elementor-accordion\">\n\t\t\t\t\t\t\t<div class=\"elementor-accordion-item\">\n\t\t\t\t\t<div id=\"elementor-tab-title-2311\" class=\"elementor-tab-title\" data-tab=\"1\" role=\"button\" aria-controls=\"elementor-tab-content-2311\" aria-expanded=\"false\">\n\t\t\t\t\t\t\t\t\t\t\t\t\t<span class=\"elementor-accordion-icon elementor-accordion-icon-left\" aria-hidden=\"true\">\n\t\t\t\t\t\t\t\t\t\t\t\t\t\t\t<span class=\"elementor-accordion-icon-closed\"><i class=\"fas fa-plus\"><\/i><\/span>\n\t\t\t\t\t\t\t\t<span class=\"elementor-accordion-icon-opened\"><i class=\"fas fa-minus\"><\/i><\/span>\n\t\t\t\t\t\t\t\t\t\t\t\t\t\t<\/span>\n\t\t\t\t\t\t\t\t\t\t\t\t<a class=\"elementor-accordion-title\" tabindex=\"0\">Econ\u00f3mico<\/a>\n\t\t\t\t\t<\/div>\n\t\t\t\t\t<div id=\"elementor-tab-content-2311\" class=\"elementor-tab-content elementor-clearfix\" data-tab=\"1\" role=\"region\" aria-labelledby=\"elementor-tab-title-2311\"><p>Sistema de almacenamiento de energ\u00eda (ESS) altamente integrado para facilitar su transporte y operaci\u00f3n y mantenimiento (O&amp;M). El dise\u00f1o integrado permite una instalaci\u00f3n r\u00e1pida en el sitio y su uso inmediato.<\/p><\/div>\n\t\t\t\t<\/div>\n\t\t\t\t\t\t\t<div class=\"elementor-accordion-item\">\n\t\t\t\t\t<div id=\"elementor-tab-title-2312\" class=\"elementor-tab-title\" data-tab=\"2\" role=\"button\" aria-controls=\"elementor-tab-content-2312\" aria-expanded=\"false\">\n\t\t\t\t\t\t\t\t\t\t\t\t\t<span class=\"elementor-accordion-icon elementor-accordion-icon-left\" aria-hidden=\"true\">\n\t\t\t\t\t\t\t\t\t\t\t\t\t\t\t<span class=\"elementor-accordion-icon-closed\"><i class=\"fas fa-plus\"><\/i><\/span>\n\t\t\t\t\t\t\t\t<span class=\"elementor-accordion-icon-opened\"><i class=\"fas fa-minus\"><\/i><\/span>\n\t\t\t\t\t\t\t\t\t\t\t\t\t\t<\/span>\n\t\t\t\t\t\t\t\t\t\t\t\t<a class=\"elementor-accordion-title\" tabindex=\"0\">Refrigeraci\u00f3n l\u00edquida<\/a>\n\t\t\t\t\t<\/div>\n\t\t\t\t\t<div id=\"elementor-tab-content-2312\" class=\"elementor-tab-content elementor-clearfix\" data-tab=\"2\" role=\"region\" aria-labelledby=\"elementor-tab-title-2312\"><div class=\"flex-shrink-0 flex flex-col relative items-end\"><div class=\"pt-0\"><div class=\"gizmo-bot-avatar flex h-8 w-8 items-center justify-center overflow-hidden rounded-full\"><div class=\"relative p-1 rounded-sm flex items-center justify-center bg-token-main-surface-primary text-token-text-primary h-8 w-8\">La desviaci\u00f3n de temperatura de las celdas de bater\u00eda en todo el sistema es de hasta 3\u00b0C, gracias al sistema inteligente de refrigeraci\u00f3n l\u00edquida. Esto puede extender la vida \u00fatil de las celdas de bater\u00eda hasta un 20%.<\/div><\/div><\/div><\/div><\/div>\n\t\t\t\t<\/div>\n\t\t\t\t\t\t\t<div class=\"elementor-accordion-item\">\n\t\t\t\t\t<div id=\"elementor-tab-title-2313\" class=\"elementor-tab-title\" data-tab=\"3\" role=\"button\" aria-controls=\"elementor-tab-content-2313\" aria-expanded=\"false\">\n\t\t\t\t\t\t\t\t\t\t\t\t\t<span class=\"elementor-accordion-icon elementor-accordion-icon-left\" aria-hidden=\"true\">\n\t\t\t\t\t\t\t\t\t\t\t\t\t\t\t<span class=\"elementor-accordion-icon-closed\"><i class=\"fas fa-plus\"><\/i><\/span>\n\t\t\t\t\t\t\t\t<span class=\"elementor-accordion-icon-opened\"><i class=\"fas fa-minus\"><\/i><\/span>\n\t\t\t\t\t\t\t\t\t\t\t\t\t\t<\/span>\n\t\t\t\t\t\t\t\t\t\t\t\t<a class=\"elementor-accordion-title\" tabindex=\"0\">Seguro<\/a>\n\t\t\t\t\t<\/div>\n\t\t\t\t\t<div id=\"elementor-tab-content-2313\" class=\"elementor-tab-content elementor-clearfix\" data-tab=\"3\" role=\"region\" aria-labelledby=\"elementor-tab-title-2313\"><p>El sistema cuenta con una estructura de gesti\u00f3n de cuatro niveles, que puede proporcionar de manera precisa protecci\u00f3n contra cortocircuitos, protecci\u00f3n contra sobrecorriente, sobrevoltaje, bajo voltaje, sobretemperatura, entre otros.<\/p><\/div>\n\t\t\t\t<\/div>\n\t\t\t\t\t\t\t\t<\/div>\n\t\t\t\t\t\t<\/div>\n\t\t\t\t<\/div>\n\t\t\t\t<div class=\"elementor-element elementor-element-1186d0e6 elementor-widget elementor-widget-spacer\" data-id=\"1186d0e6\" data-element_type=\"widget\" data-e-type=\"widget\" data-widget_type=\"spacer.default\">\n\t\t\t\t<div class=\"elementor-widget-container\">\n\t\t\t\t\t\t\t<div class=\"elementor-spacer\">\n\t\t\t<div class=\"elementor-spacer-inner\"><\/div>\n\t\t<\/div>\n\t\t\t\t\t\t<\/div>\n\t\t\t\t<\/div>\n\t\t\t\t\t<\/div>\n\t\t\t\t<\/div>\n\t\t\t\t<\/div>\n\t\t","protected":false},"excerpt":{"rendered":"<p>TIANWU-AIO-L Sistema de Almacenamiento de Energ\u00eda con Bater\u00edas Todo-en-Uno para Aplicaciones Comerciales e Industriales (C&amp;I) Capacidad: 100kW\/233kWh All-In-One M\u00e1xima Eficiencia con Instalaci\u00f3n F\u00e1cil La serie TIANWU-AIO-L es un sistema de almacenamiento de energ\u00eda (ESS) todo-en-uno para aplicaciones comerciales e industriales, que utiliza refrigeraci\u00f3n l\u00edquida. Tecnolog\u00eda Avanzada Est\u00e1 integrado con un convertidor de almacenamiento de energ\u00eda, [&hellip;]<\/p>\n","protected":false},"author":9,"featured_media":0,"parent":9804,"menu_order":0,"comment_status":"closed","ping_status":"closed","template":"","meta":{"footnotes":""},"class_list":["post-9822","page","type-page","status-publish","hentry"],"_links":{"self":[{"href":"https:\/\/enerone.com.ar\/energia-renovable\/wp-json\/wp\/v2\/pages\/9822","targetHints":{"allow":["GET"]}}],"collection":[{"href":"https:\/\/enerone.com.ar\/energia-renovable\/wp-json\/wp\/v2\/pages"}],"about":[{"href":"https:\/\/enerone.com.ar\/energia-renovable\/wp-json\/wp\/v2\/types\/page"}],"author":[{"embeddable":true,"href":"https:\/\/enerone.com.ar\/energia-renovable\/wp-json\/wp\/v2\/users\/9"}],"replies":[{"embeddable":true,"href":"https:\/\/enerone.com.ar\/energia-renovable\/wp-json\/wp\/v2\/comments?post=9822"}],"version-history":[{"count":13,"href":"https:\/\/enerone.com.ar\/energia-renovable\/wp-json\/wp\/v2\/pages\/9822\/revisions"}],"predecessor-version":[{"id":10002,"href":"https:\/\/enerone.com.ar\/energia-renovable\/wp-json\/wp\/v2\/pages\/9822\/revisions\/10002"}],"up":[{"embeddable":true,"href":"https:\/\/enerone.com.ar\/energia-renovable\/wp-json\/wp\/v2\/pages\/9804"}],"wp:attachment":[{"href":"https:\/\/enerone.com.ar\/energia-renovable\/wp-json\/wp\/v2\/media?parent=9822"}],"curies":[{"name":"wp","href":"https:\/\/api.w.org\/{rel}","templated":true}]}}