{"id":778,"date":"2018-11-28T23:34:39","date_gmt":"2018-11-28T23:34:39","guid":{"rendered":"https:\/\/www.enerone.com.ar\/?page_id=778"},"modified":"2024-04-08T23:47:43","modified_gmt":"2024-04-09T02:47:43","slug":"bombas-solares-para-piscinas","status":"publish","type":"page","link":"https:\/\/enerone.com.ar\/energia-renovable\/productos\/bombeo-solar\/bombas-solares-para-piscinas\/","title":{"rendered":"Bombas solares para piscinas"},"content":{"rendered":"<p>[tm_pb_section admin_label=\u00bbsection\u00bb transparent_background=\u00bbon\u00bb allow_player_pause=\u00bboff\u00bb inner_shadow=\u00bboff\u00bb parallax=\u00bboff\u00bb parallax_method=\u00bboff\u00bb custom_padding=\u00bb10px||60px|\u00bb make_fullwidth=\u00bboff\u00bb use_custom_width=\u00bboff\u00bb width_unit=\u00bbon\u00bb make_equal=\u00bboff\u00bb use_custom_gutter=\u00bboff\u00bb custom_padding_tablet=\u00bb0px||60px|\u00bb custom_padding_phone=\u00bb0px||60px|\u00bb custom_padding_last_edited=\u00bbon|phone\u00bb][tm_pb_row admin_label=\u00bbrow\u00bb][tm_pb_column type=\u00bb4_4&#8243;][tm_pb_text admin_label=\u00bbText\u00bb text_orientation=\u00bbcenter\u00bb use_border_color=\u00bboff\u00bb border_color=\u00bb#ffffff\u00bb border_style=\u00bbsolid\u00bb text_text_color=\u00bb#00378b\u00bb]<\/p>\n<h3 id=\"A\" class=\"notopline\">Bombas solares de recirculaci\u00f3n de piscinas<\/h3>\n<p>[\/tm_pb_text][\/tm_pb_column][\/tm_pb_row][tm_pb_row admin_label=\u00bbRow\u00bb make_fullwidth=\u00bboff\u00bb use_custom_width=\u00bboff\u00bb use_grid_padding=\u00bbon\u00bb width_unit=\u00bbon\u00bb padding_mobile=\u00bboff\u00bb custom_margin=\u00bb||40px|\u00bb allow_player_pause=\u00bboff\u00bb parallax=\u00bboff\u00bb parallax_method=\u00bboff\u00bb make_equal=\u00bboff\u00bb parallax_1=\u00bboff\u00bb parallax_method_1=\u00bboff\u00bb vertical_alligment_1=\u00bbstart\u00bb responsive_laptop_1=\u00bbinherit\u00bb responsive_tablet_1=\u00bbinherit\u00bb responsive_phone_1=\u00bbinherit\u00bb order_laptop_1=\u00bb1&#8243; order_tablet_1=\u00bb1&#8243; order_phone_1=\u00bb1&#8243; parallax_2=\u00bboff\u00bb parallax_method_2=\u00bboff\u00bb vertical_alligment_2=\u00bbstart\u00bb responsive_laptop_2=\u00bbinherit\u00bb responsive_tablet_2=\u00bbinherit\u00bb responsive_phone_2=\u00bbinherit\u00bb order_laptop_2=\u00bb2&#8243; order_tablet_2=\u00bb2&#8243; order_phone_2=\u00bb2&#8243; column_padding_mobile=\u00bbon\u00bb][tm_pb_column type=\u00bb1_2&#8243;][tm_pb_text admin_label=\u00bbText\u00bb text_orientation=\u00bbleft\u00bb use_border_color=\u00bboff\u00bb border_color=\u00bb#ffffff\u00bb border_style=\u00bbsolid\u00bb]<\/p>\n<h4>Beneficios<\/h4>\n<ul>\n<li>Cero costes energ\u00e9ticos lo cual proporciona un retorno de la inversi\u00f3n muy r\u00e1pido<\/li>\n<li>Vida \u00fatil m\u00e1s larga que las motores CA convencionales<\/li>\n<li>Silenciosa y eficiente<\/li>\n<li>Antecedentes de funcionamiento acreditados<\/li>\n<li>Velocidad controlable para adaptarse exactamente al tama\u00f1o de la piscina<\/li>\n<li>Dise\u00f1o modular inteligente que posibilita un mantenimiento y una reparaci\u00f3n sencillos y econ\u00f3micos<\/li>\n<li>Instalaci\u00f3n r\u00e1pida y sencilla, sustituci\u00f3n directa de una bomba para piscinas existente<\/li>\n<\/ul>\n<p>[\/tm_pb_text][\/tm_pb_column][tm_pb_column type=\u00bb1_2&#8243;][tm_pb_text admin_label=\u00bbText\u00bb text_orientation=\u00bbleft\u00bb use_border_color=\u00bboff\u00bb border_color=\u00bb#ffffff\u00bb border_style=\u00bbsolid\u00bb]<\/p>\n<h4>Caracter\u00edsticas<\/h4>\n<ul>\n<li>Dise\u00f1adas en Alemania<\/li>\n<li>Motores sin escobillas EC DRIVE CC, dise\u00f1ados para funcionamiento solar con una eficiencia superior al 90 %<\/li>\n<li>Uso de materiales anticorrosivos de gran calidad en toda la bomba<\/li>\n<li>Funcionamiento con energ\u00eda solar directa con opciones de conexi\u00f3n de CA<\/li>\n<li>Tecnolog\u00eda MPPT para maximizar el uso de la corriente de los m\u00f3dulos PV<\/li>\n<li>Funci\u00f3n de registro de datos opcional<\/li>\n<\/ul>\n<p>[\/tm_pb_text][\/tm_pb_column][\/tm_pb_row][tm_pb_row admin_label=\u00bbRow\u00bb][tm_pb_column type=\u00bb1_2&#8243;][tm_pb_image admin_label=\u00bbImage\u00bb src=\u00bbhttps:\/\/enerone.com.ar\/energia-renovable\/wp-content\/uploads\/2019\/03\/bombas-solares-centr\u00edfugas-ps2-para-piscinas.jpg\u00bb show_in_lightbox=\u00bboff\u00bb url_new_window=\u00bboff\u00bb use_overlay=\u00bboff\u00bb animation=\u00bbleft\u00bb sticky=\u00bboff\u00bb align=\u00bbleft\u00bb force_fullwidth=\u00bboff\u00bb always_center_on_mobile=\u00bbon\u00bb use_border_color=\u00bboff\u00bb border_color=\u00bb#ffffff\u00bb border_style=\u00bbsolid\u00bb alt=\u00bbBomba solar para piscina centr\u00edfuga PS2&#8243; title_text=\u00bbBomba solar para piscina centr\u00edfuga PS2&#8243; url=\u00bbhttps:\/\/enerone.com.ar\/energia-renovable\/projects-archive\/bomba-solar-para-piscina-centrifuga-ps2\/\u00bb] [\/tm_pb_image][tm_pb_text admin_label=\u00bbText\u00bb text_orientation=\u00bbcenter\u00bb use_border_color=\u00bboff\u00bb border_color=\u00bb#ffffff\u00bb border_style=\u00bbsolid\u00bb custom_margin=\u00bb||40px|\u00bb]<\/p>\n<h5>Bomba solar para piscina centr\u00edfuga PS2<\/h5>\n<p>[\/tm_pb_text][tm_pb_button admin_label=\u00bbButton\u00bb button_url=\u00bbhttps:\/\/enerone.com.ar\/energia-renovable\/projects-archive\/bomba-solar-para-piscina-centrifuga-ps2\/\u00bb url_new_window=\u00bboff\u00bb button_text=\u00bbVer Producto\u00bb button_alignment=\u00bbcenter\u00bb custom_button=\u00bboff\u00bb button_letter_spacing=\u00bb0&#8243; button_use_icon=\u00bbdefault\u00bb button_icon_placement=\u00bbright\u00bb button_on_hover=\u00bbon\u00bb button_letter_spacing_hover=\u00bb0&#8243;] [\/tm_pb_button][\/tm_pb_column][tm_pb_column type=\u00bb1_2&#8243;][tm_pb_image admin_label=\u00bbImage\u00bb src=\u00bbhttps:\/\/enerone.com.ar\/energia-renovable\/wp-content\/uploads\/2019\/03\/bombas-solares-ps2-para-piscinas.jpg\u00bb show_in_lightbox=\u00bboff\u00bb url_new_window=\u00bboff\u00bb use_overlay=\u00bboff\u00bb animation=\u00bbleft\u00bb sticky=\u00bboff\u00bb align=\u00bbleft\u00bb force_fullwidth=\u00bboff\u00bb always_center_on_mobile=\u00bbon\u00bb use_border_color=\u00bboff\u00bb border_color=\u00bb#ffffff\u00bb border_style=\u00bbsolid\u00bb alt=\u00bbBomba solar para piscina PS2&#8243; title_text=\u00bbBomba solar para piscina PS2&#8243; url=\u00bbhttps:\/\/enerone.com.ar\/energia-renovable\/projects-archive\/bomba-solar-para-piscina-ps2\/\u00bb] [\/tm_pb_image][tm_pb_text admin_label=\u00bbText\u00bb text_orientation=\u00bbcenter\u00bb use_border_color=\u00bboff\u00bb border_color=\u00bb#ffffff\u00bb border_style=\u00bbsolid\u00bb custom_margin=\u00bb||40px|\u00bb]<\/p>\n<h5>Bomba solar para piscina PS2<\/h5>\n<p>[\/tm_pb_text][tm_pb_button admin_label=\u00bbButton\u00bb button_url=\u00bbhttps:\/\/enerone.com.ar\/energia-renovable\/projects-archive\/bomba-solar-para-piscina-ps2\/\u00bb url_new_window=\u00bboff\u00bb button_text=\u00bbVer Producto\u00bb button_alignment=\u00bbcenter\u00bb custom_button=\u00bboff\u00bb button_letter_spacing=\u00bb0&#8243; button_use_icon=\u00bbdefault\u00bb button_icon_placement=\u00bbright\u00bb button_on_hover=\u00bbon\u00bb button_letter_spacing_hover=\u00bb0&#8243;] [\/tm_pb_button][\/tm_pb_column][\/tm_pb_row][\/tm_pb_section]<\/p>\n","protected":false},"excerpt":{"rendered":"<p>[tm_pb_section admin_label=\u00bbsection\u00bb transparent_background=\u00bbon\u00bb allow_player_pause=\u00bboff\u00bb inner_shadow=\u00bboff\u00bb parallax=\u00bboff\u00bb parallax_method=\u00bboff\u00bb custom_padding=\u00bb10px||60px|\u00bb make_fullwidth=\u00bboff\u00bb use_custom_width=\u00bboff\u00bb width_unit=\u00bbon\u00bb make_equal=\u00bboff\u00bb use_custom_gutter=\u00bboff\u00bb custom_padding_tablet=\u00bb0px||60px|\u00bb custom_padding_phone=\u00bb0px||60px|\u00bb custom_padding_last_edited=\u00bbon|phone\u00bb][tm_pb_row admin_label=\u00bbrow\u00bb][tm_pb_column type=\u00bb4_4&#8243;][tm_pb_text admin_label=\u00bbText\u00bb text_orientation=\u00bbcenter\u00bb use_border_color=\u00bboff\u00bb border_color=\u00bb#ffffff\u00bb border_style=\u00bbsolid\u00bb text_text_color=\u00bb#00378b\u00bb] Bombas solares de recirculaci\u00f3n de piscinas [\/tm_pb_text][\/tm_pb_column][\/tm_pb_row][tm_pb_row admin_label=\u00bbRow\u00bb make_fullwidth=\u00bboff\u00bb use_custom_width=\u00bboff\u00bb use_grid_padding=\u00bbon\u00bb width_unit=\u00bbon\u00bb padding_mobile=\u00bboff\u00bb custom_margin=\u00bb||40px|\u00bb allow_player_pause=\u00bboff\u00bb parallax=\u00bboff\u00bb parallax_method=\u00bboff\u00bb make_equal=\u00bboff\u00bb parallax_1=\u00bboff\u00bb parallax_method_1=\u00bboff\u00bb vertical_alligment_1=\u00bbstart\u00bb responsive_laptop_1=\u00bbinherit\u00bb responsive_tablet_1=\u00bbinherit\u00bb responsive_phone_1=\u00bbinherit\u00bb order_laptop_1=\u00bb1&#8243; order_tablet_1=\u00bb1&#8243; order_phone_1=\u00bb1&#8243; parallax_2=\u00bboff\u00bb parallax_method_2=\u00bboff\u00bb vertical_alligment_2=\u00bbstart\u00bb responsive_laptop_2=\u00bbinherit\u00bb [&hellip;]<\/p>\n","protected":false},"author":3,"featured_media":5665,"parent":5192,"menu_order":0,"comment_status":"closed","ping_status":"closed","template":"","meta":{"footnotes":""},"class_list":["post-778","page","type-page","status-publish","has-post-thumbnail","hentry"],"_links":{"self":[{"href":"https:\/\/enerone.com.ar\/energia-renovable\/wp-json\/wp\/v2\/pages\/778","targetHints":{"allow":["GET"]}}],"collection":[{"href":"https:\/\/enerone.com.ar\/energia-renovable\/wp-json\/wp\/v2\/pages"}],"about":[{"href":"https:\/\/enerone.com.ar\/energia-renovable\/wp-json\/wp\/v2\/types\/page"}],"author":[{"embeddable":true,"href":"https:\/\/enerone.com.ar\/energia-renovable\/wp-json\/wp\/v2\/users\/3"}],"replies":[{"embeddable":true,"href":"https:\/\/enerone.com.ar\/energia-renovable\/wp-json\/wp\/v2\/comments?post=778"}],"version-history":[{"count":1,"href":"https:\/\/enerone.com.ar\/energia-renovable\/wp-json\/wp\/v2\/pages\/778\/revisions"}],"predecessor-version":[{"id":8144,"href":"https:\/\/enerone.com.ar\/energia-renovable\/wp-json\/wp\/v2\/pages\/778\/revisions\/8144"}],"up":[{"embeddable":true,"href":"https:\/\/enerone.com.ar\/energia-renovable\/wp-json\/wp\/v2\/pages\/5192"}],"wp:featuredmedia":[{"embeddable":true,"href":"https:\/\/enerone.com.ar\/energia-renovable\/wp-json\/wp\/v2\/media\/5665"}],"wp:attachment":[{"href":"https:\/\/enerone.com.ar\/energia-renovable\/wp-json\/wp\/v2\/media?parent=778"}],"curies":[{"name":"wp","href":"https:\/\/api.w.org\/{rel}","templated":true}]}}