{"id":7497,"date":"2024-03-22T16:12:34","date_gmt":"2024-03-22T19:12:34","guid":{"rendered":"https:\/\/enerone.com.ar\/energia-renovable\/?page_id=7497"},"modified":"2024-04-05T15:14:33","modified_gmt":"2024-04-05T18:14:33","slug":"archivo-de-noticias","status":"publish","type":"page","link":"https:\/\/enerone.com.ar\/energia-renovable\/blog\/archivo-de-noticias\/","title":{"rendered":"Archivo"},"content":{"rendered":"\t\t<div data-elementor-type=\"wp-page\" data-elementor-id=\"7497\" class=\"elementor elementor-7497\" data-elementor-post-type=\"page\">\n\t\t\t\t<div class=\"elementor-element elementor-element-ef066c3 e-flex e-con-boxed e-con e-parent\" data-id=\"ef066c3\" data-element_type=\"container\" data-e-type=\"container\" data-settings=\"{&quot;background_background&quot;:&quot;classic&quot;}\">\n\t\t\t\t\t<div class=\"e-con-inner\">\n\t\t<div class=\"elementor-element elementor-element-5cd541ee e-flex e-con-boxed e-con e-child\" data-id=\"5cd541ee\" data-element_type=\"container\" data-e-type=\"container\">\n\t\t\t\t\t<div class=\"e-con-inner\">\n\t\t\t\t<div class=\"elementor-element elementor-element-1d763b2 elementor-widget elementor-widget-spacer\" data-id=\"1d763b2\" data-element_type=\"widget\" data-e-type=\"widget\" data-widget_type=\"spacer.default\">\n\t\t\t\t<div class=\"elementor-widget-container\">\n\t\t\t\t\t\t\t<div class=\"elementor-spacer\">\n\t\t\t<div class=\"elementor-spacer-inner\"><\/div>\n\t\t<\/div>\n\t\t\t\t\t\t<\/div>\n\t\t\t\t<\/div>\n\t\t\t\t<div class=\"elementor-element elementor-element-698c772e elementor-widget elementor-widget-heading\" data-id=\"698c772e\" data-element_type=\"widget\" data-e-type=\"widget\" data-widget_type=\"heading.default\">\n\t\t\t\t<div class=\"elementor-widget-container\">\n\t\t\t\t\t<h2 class=\"elementor-heading-title elementor-size-default\">Archivo de noticias<\/h2>\t\t\t\t<\/div>\n\t\t\t\t<\/div>\n\t\t\t\t\t<\/div>\n\t\t\t\t<\/div>\n\t\t\t\t\t<\/div>\n\t\t\t\t<\/div>\n\t\t<div class=\"elementor-element elementor-element-9a86fc0 e-flex e-con-boxed e-con e-parent\" data-id=\"9a86fc0\" data-element_type=\"container\" data-e-type=\"container\" data-settings=\"{&quot;background_background&quot;:&quot;classic&quot;}\">\n\t\t\t\t\t<div class=\"e-con-inner\">\n\t\t\t\t<div class=\"elementor-element elementor-element-8a401a5 elementor-widget elementor-widget-spacer\" data-id=\"8a401a5\" data-element_type=\"widget\" data-e-type=\"widget\" data-widget_type=\"spacer.default\">\n\t\t\t\t<div class=\"elementor-widget-container\">\n\t\t\t\t\t\t\t<div class=\"elementor-spacer\">\n\t\t\t<div class=\"elementor-spacer-inner\"><\/div>\n\t\t<\/div>\n\t\t\t\t\t\t<\/div>\n\t\t\t\t<\/div>\n\t\t\t\t<div class=\"elementor-element elementor-element-1d63a9e elementor-grid-1 elementor-posts--thumbnail-left elementor-grid-tablet-2 elementor-grid-mobile-1 elementor-widget elementor-widget-posts\" data-id=\"1d63a9e\" data-element_type=\"widget\" data-e-type=\"widget\" data-settings=\"{&quot;classic_columns&quot;:&quot;1&quot;,&quot;pagination_type&quot;:&quot;load_more_infinite_scroll&quot;,&quot;classic_columns_tablet&quot;:&quot;2&quot;,&quot;classic_columns_mobile&quot;:&quot;1&quot;,&quot;classic_row_gap&quot;:{&quot;unit&quot;:&quot;px&quot;,&quot;size&quot;:35,&quot;sizes&quot;:[]},&quot;classic_row_gap_tablet&quot;:{&quot;unit&quot;:&quot;px&quot;,&quot;size&quot;:&quot;&quot;,&quot;sizes&quot;:[]},&quot;classic_row_gap_mobile&quot;:{&quot;unit&quot;:&quot;px&quot;,&quot;size&quot;:&quot;&quot;,&quot;sizes&quot;:[]},&quot;load_more_spinner&quot;:{&quot;value&quot;:&quot;fas fa-spinner&quot;,&quot;library&quot;:&quot;fa-solid&quot;}}\" data-widget_type=\"posts.classic\">\n\t\t\t\t<div class=\"elementor-widget-container\">\n\t\t\t\t\t\t\t<div class=\"elementor-posts-container elementor-posts elementor-posts--skin-classic elementor-grid\" role=\"list\">\n\t\t\t\t<article class=\"elementor-post elementor-grid-item post-10634 post type-post status-publish format-standard has-post-thumbnail hentry category-fotovoltaica tag-argentina tag-energias-renovables tag-inversion tag-matriz-energetica\" role=\"listitem\">\n\t\t\t\t<a class=\"elementor-post__thumbnail__link\" href=\"https:\/\/enerone.com.ar\/energia-renovable\/argentina-invertira-us-4-500-millones-en-energias-renovables-para-transformar-su-matriz-energetica\/\" tabindex=\"-1\" >\n\t\t\t<div class=\"elementor-post__thumbnail\"><img fetchpriority=\"high\" decoding=\"async\" width=\"859\" height=\"488\" src=\"https:\/\/enerone.com.ar\/energia-renovable\/wp-content\/uploads\/2025\/08\/Captura-de-pantalla-2025-08-25-121356.png\" class=\"attachment-full size-full wp-image-10635\" alt=\"\" srcset=\"https:\/\/enerone.com.ar\/energia-renovable\/wp-content\/uploads\/2025\/08\/Captura-de-pantalla-2025-08-25-121356.png 859w, https:\/\/enerone.com.ar\/energia-renovable\/wp-content\/uploads\/2025\/08\/Captura-de-pantalla-2025-08-25-121356-300x170.png 300w, https:\/\/enerone.com.ar\/energia-renovable\/wp-content\/uploads\/2025\/08\/Captura-de-pantalla-2025-08-25-121356-768x436.png 768w\" sizes=\"(max-width: 859px) 100vw, 859px\" \/><\/div>\n\t\t<\/a>\n\t\t\t\t<div class=\"elementor-post__text\">\n\t\t\t\t<h3 class=\"elementor-post__title\">\n\t\t\t<a href=\"https:\/\/enerone.com.ar\/energia-renovable\/argentina-invertira-us-4-500-millones-en-energias-renovables-para-transformar-su-matriz-energetica\/\" >\n\t\t\t\tArgentina invertir\u00e1 US$ 4.500 millones en energ\u00edas renovables para transformar su matriz energ\u00e9tica\t\t\t<\/a>\n\t\t<\/h3>\n\t\t\t\t<div class=\"elementor-post__meta-data\">\n\t\t\t\t\t<span class=\"elementor-post-date\">\n\t\t\t25 agosto, 2025\t\t<\/span>\n\t\t\t\t<\/div>\n\t\t\t\t<\/div>\n\t\t\t\t<\/article>\n\t\t\t\t<article class=\"elementor-post elementor-grid-item post-10630 post type-post status-publish format-standard has-post-thumbnail hentry category-fotovoltaica tag-ahorro-energetico tag-cuidado-del-medioambiente tag-energia-solar tag-energias-renovables tag-sistema-fotovoltaico\" role=\"listitem\">\n\t\t\t\t<a class=\"elementor-post__thumbnail__link\" href=\"https:\/\/enerone.com.ar\/energia-renovable\/una-bodega-de-neuquen-se-convierte-en-el-primer-usuario-generador-de-energia-solar-en-la-provincia\/\" tabindex=\"-1\" >\n\t\t\t<div class=\"elementor-post__thumbnail\"><img decoding=\"async\" width=\"863\" height=\"475\" src=\"https:\/\/enerone.com.ar\/energia-renovable\/wp-content\/uploads\/2025\/08\/Captura-de-pantalla-2025-08-18-093859.png\" class=\"attachment-full size-full wp-image-10631\" alt=\"\" srcset=\"https:\/\/enerone.com.ar\/energia-renovable\/wp-content\/uploads\/2025\/08\/Captura-de-pantalla-2025-08-18-093859.png 863w, https:\/\/enerone.com.ar\/energia-renovable\/wp-content\/uploads\/2025\/08\/Captura-de-pantalla-2025-08-18-093859-300x165.png 300w, https:\/\/enerone.com.ar\/energia-renovable\/wp-content\/uploads\/2025\/08\/Captura-de-pantalla-2025-08-18-093859-768x423.png 768w\" sizes=\"(max-width: 863px) 100vw, 863px\" \/><\/div>\n\t\t<\/a>\n\t\t\t\t<div class=\"elementor-post__text\">\n\t\t\t\t<h3 class=\"elementor-post__title\">\n\t\t\t<a href=\"https:\/\/enerone.com.ar\/energia-renovable\/una-bodega-de-neuquen-se-convierte-en-el-primer-usuario-generador-de-energia-solar-en-la-provincia\/\" >\n\t\t\t\tUna bodega de Neuqu\u00e9n se convierte en el primer usuario-generador de energ\u00eda solar en la provincia\t\t\t<\/a>\n\t\t<\/h3>\n\t\t\t\t<div class=\"elementor-post__meta-data\">\n\t\t\t\t\t<span class=\"elementor-post-date\">\n\t\t\t18 agosto, 2025\t\t<\/span>\n\t\t\t\t<\/div>\n\t\t\t\t<\/div>\n\t\t\t\t<\/article>\n\t\t\t\t<article class=\"elementor-post elementor-grid-item post-10627 post type-post status-publish format-standard has-post-thumbnail hentry category-fotovoltaica tag-ahorro tag-cuidado tag-energia tag-fotovoltaica tag-genneia tag-medio-ambiente tag-mendoza tag-parque-solar tag-sol\" role=\"listitem\">\n\t\t\t\t<a class=\"elementor-post__thumbnail__link\" href=\"https:\/\/enerone.com.ar\/energia-renovable\/millonaria-inversion-para-instalar-un-parque-solar-en-mendoza\/\" tabindex=\"-1\" >\n\t\t\t<div class=\"elementor-post__thumbnail\"><img decoding=\"async\" width=\"1187\" height=\"665\" src=\"https:\/\/enerone.com.ar\/energia-renovable\/wp-content\/uploads\/2025\/08\/Captura-de-pantalla-2025-08-12-083252.png\" class=\"attachment-full size-full wp-image-10628\" alt=\"\" srcset=\"https:\/\/enerone.com.ar\/energia-renovable\/wp-content\/uploads\/2025\/08\/Captura-de-pantalla-2025-08-12-083252.png 1187w, https:\/\/enerone.com.ar\/energia-renovable\/wp-content\/uploads\/2025\/08\/Captura-de-pantalla-2025-08-12-083252-300x168.png 300w, https:\/\/enerone.com.ar\/energia-renovable\/wp-content\/uploads\/2025\/08\/Captura-de-pantalla-2025-08-12-083252-1024x574.png 1024w, https:\/\/enerone.com.ar\/energia-renovable\/wp-content\/uploads\/2025\/08\/Captura-de-pantalla-2025-08-12-083252-768x430.png 768w\" sizes=\"(max-width: 1187px) 100vw, 1187px\" \/><\/div>\n\t\t<\/a>\n\t\t\t\t<div class=\"elementor-post__text\">\n\t\t\t\t<h3 class=\"elementor-post__title\">\n\t\t\t<a href=\"https:\/\/enerone.com.ar\/energia-renovable\/millonaria-inversion-para-instalar-un-parque-solar-en-mendoza\/\" >\n\t\t\t\tMillonaria inversi\u00f3n para instalar un parque solar en Mendoza\t\t\t<\/a>\n\t\t<\/h3>\n\t\t\t\t<div class=\"elementor-post__meta-data\">\n\t\t\t\t\t<span class=\"elementor-post-date\">\n\t\t\t12 agosto, 2025\t\t<\/span>\n\t\t\t\t<\/div>\n\t\t\t\t<\/div>\n\t\t\t\t<\/article>\n\t\t\t\t<article class=\"elementor-post elementor-grid-item post-10618 post type-post status-publish format-standard has-post-thumbnail hentry category-fotovoltaica tag-ahorro-energetico tag-cuidado-del-medioambiente tag-energia tag-energia-solar tag-energias-renovables tag-paneles tag-san-juan tag-sistema-fotovoltaico\" role=\"listitem\">\n\t\t\t\t<a class=\"elementor-post__thumbnail__link\" href=\"https:\/\/enerone.com.ar\/energia-renovable\/te-imaginas-una-ruta-100-solar\/\" tabindex=\"-1\" >\n\t\t\t<div class=\"elementor-post__thumbnail\"><img loading=\"lazy\" decoding=\"async\" width=\"807\" height=\"454\" src=\"https:\/\/enerone.com.ar\/energia-renovable\/wp-content\/uploads\/2025\/08\/whatsapp-image-2025-08-03-at-10-56-17-3-jpeg.webp\" class=\"attachment-full size-full wp-image-10621\" alt=\"\" srcset=\"https:\/\/enerone.com.ar\/energia-renovable\/wp-content\/uploads\/2025\/08\/whatsapp-image-2025-08-03-at-10-56-17-3-jpeg.webp 807w, https:\/\/enerone.com.ar\/energia-renovable\/wp-content\/uploads\/2025\/08\/whatsapp-image-2025-08-03-at-10-56-17-3-jpeg-300x169.webp 300w, https:\/\/enerone.com.ar\/energia-renovable\/wp-content\/uploads\/2025\/08\/whatsapp-image-2025-08-03-at-10-56-17-3-jpeg-768x432.webp 768w\" sizes=\"(max-width: 807px) 100vw, 807px\" \/><\/div>\n\t\t<\/a>\n\t\t\t\t<div class=\"elementor-post__text\">\n\t\t\t\t<h3 class=\"elementor-post__title\">\n\t\t\t<a href=\"https:\/\/enerone.com.ar\/energia-renovable\/te-imaginas-una-ruta-100-solar\/\" >\n\t\t\t\t\u00bfTe imagin\u00e1s una ruta 100 % solar?\t\t\t<\/a>\n\t\t<\/h3>\n\t\t\t\t<div class=\"elementor-post__meta-data\">\n\t\t\t\t\t<span class=\"elementor-post-date\">\n\t\t\t7 agosto, 2025\t\t<\/span>\n\t\t\t\t<\/div>\n\t\t\t\t<\/div>\n\t\t\t\t<\/article>\n\t\t\t\t<article class=\"elementor-post elementor-grid-item post-10623 post type-post status-publish format-standard has-post-thumbnail hentry category-sin-categoria\" role=\"listitem\">\n\t\t\t\t<a class=\"elementor-post__thumbnail__link\" href=\"https:\/\/enerone.com.ar\/energia-renovable\/el-vaticano-el-primer-estado-del-mundo-neutro-en-emisiones-de-carbono\/\" tabindex=\"-1\" >\n\t\t\t<div class=\"elementor-post__thumbnail\"><img loading=\"lazy\" decoding=\"async\" width=\"634\" height=\"282\" src=\"https:\/\/enerone.com.ar\/energia-renovable\/wp-content\/uploads\/2025\/08\/Captura-de-pantalla-2025-08-07-100203.png\" class=\"attachment-full size-full wp-image-10624\" alt=\"\" srcset=\"https:\/\/enerone.com.ar\/energia-renovable\/wp-content\/uploads\/2025\/08\/Captura-de-pantalla-2025-08-07-100203.png 634w, https:\/\/enerone.com.ar\/energia-renovable\/wp-content\/uploads\/2025\/08\/Captura-de-pantalla-2025-08-07-100203-300x133.png 300w\" sizes=\"(max-width: 634px) 100vw, 634px\" \/><\/div>\n\t\t<\/a>\n\t\t\t\t<div class=\"elementor-post__text\">\n\t\t\t\t<h3 class=\"elementor-post__title\">\n\t\t\t<a href=\"https:\/\/enerone.com.ar\/energia-renovable\/el-vaticano-el-primer-estado-del-mundo-neutro-en-emisiones-de-carbono\/\" >\n\t\t\t\tEl Vaticano, el primer Estado del mundo neutro en emisiones de carbono\t\t\t<\/a>\n\t\t<\/h3>\n\t\t\t\t<div class=\"elementor-post__meta-data\">\n\t\t\t\t\t<span class=\"elementor-post-date\">\n\t\t\t7 agosto, 2025\t\t<\/span>\n\t\t\t\t<\/div>\n\t\t\t\t<\/div>\n\t\t\t\t<\/article>\n\t\t\t\t<article class=\"elementor-post elementor-grid-item post-10610 post type-post status-publish format-standard has-post-thumbnail hentry category-fotovoltaica tag-ahorro-energetico tag-chilibroste tag-cuidado-del-medioambiente tag-energia-renovable tag-energia-solar tag-enerone tag-sistema-fotovoltaico\" role=\"listitem\">\n\t\t\t\t<a class=\"elementor-post__thumbnail__link\" href=\"https:\/\/enerone.com.ar\/energia-renovable\/llenamos-de-energia-cada-rincon-la-revolucion-solar-llego-a-chilibroste\/\" tabindex=\"-1\" >\n\t\t\t<div class=\"elementor-post__thumbnail\"><img loading=\"lazy\" decoding=\"async\" width=\"1280\" height=\"590\" src=\"https:\/\/enerone.com.ar\/energia-renovable\/wp-content\/uploads\/2025\/08\/Imagen-de-WhatsApp-2025-08-04-a-las-08.45.08_22ce1f94.jpg\" class=\"attachment-full size-full wp-image-10614\" alt=\"\" srcset=\"https:\/\/enerone.com.ar\/energia-renovable\/wp-content\/uploads\/2025\/08\/Imagen-de-WhatsApp-2025-08-04-a-las-08.45.08_22ce1f94.jpg 1280w, https:\/\/enerone.com.ar\/energia-renovable\/wp-content\/uploads\/2025\/08\/Imagen-de-WhatsApp-2025-08-04-a-las-08.45.08_22ce1f94-300x138.jpg 300w, https:\/\/enerone.com.ar\/energia-renovable\/wp-content\/uploads\/2025\/08\/Imagen-de-WhatsApp-2025-08-04-a-las-08.45.08_22ce1f94-1024x472.jpg 1024w, https:\/\/enerone.com.ar\/energia-renovable\/wp-content\/uploads\/2025\/08\/Imagen-de-WhatsApp-2025-08-04-a-las-08.45.08_22ce1f94-768x354.jpg 768w\" sizes=\"(max-width: 1280px) 100vw, 1280px\" \/><\/div>\n\t\t<\/a>\n\t\t\t\t<div class=\"elementor-post__text\">\n\t\t\t\t<h3 class=\"elementor-post__title\">\n\t\t\t<a href=\"https:\/\/enerone.com.ar\/energia-renovable\/llenamos-de-energia-cada-rincon-la-revolucion-solar-llego-a-chilibroste\/\" >\n\t\t\t\tLlenamos de energ\u00eda cada rinc\u00f3n: La revoluci\u00f3n solar lleg\u00f3 a Chilibroste\t\t\t<\/a>\n\t\t<\/h3>\n\t\t\t\t<div class=\"elementor-post__meta-data\">\n\t\t\t\t\t<span class=\"elementor-post-date\">\n\t\t\t4 agosto, 2025\t\t<\/span>\n\t\t\t\t<\/div>\n\t\t\t\t<\/div>\n\t\t\t\t<\/article>\n\t\t\t\t<article class=\"elementor-post elementor-grid-item post-10607 post type-post status-publish format-standard has-post-thumbnail hentry category-sin-categoria\" role=\"listitem\">\n\t\t\t\t<a class=\"elementor-post__thumbnail__link\" href=\"https:\/\/enerone.com.ar\/energia-renovable\/frv-australia-completa-el-cierre-financiero-del-mayor-proyecto-de-baterias-en-el-pais\/\" tabindex=\"-1\" >\n\t\t\t<div class=\"elementor-post__thumbnail\"><img loading=\"lazy\" decoding=\"async\" width=\"1025\" height=\"430\" src=\"https:\/\/enerone.com.ar\/energia-renovable\/wp-content\/uploads\/2025\/08\/Captura-de-pantalla-2025-08-04-083831.png\" class=\"attachment-full size-full wp-image-10608\" alt=\"\" srcset=\"https:\/\/enerone.com.ar\/energia-renovable\/wp-content\/uploads\/2025\/08\/Captura-de-pantalla-2025-08-04-083831.png 1025w, https:\/\/enerone.com.ar\/energia-renovable\/wp-content\/uploads\/2025\/08\/Captura-de-pantalla-2025-08-04-083831-300x126.png 300w, https:\/\/enerone.com.ar\/energia-renovable\/wp-content\/uploads\/2025\/08\/Captura-de-pantalla-2025-08-04-083831-768x322.png 768w\" sizes=\"(max-width: 1025px) 100vw, 1025px\" \/><\/div>\n\t\t<\/a>\n\t\t\t\t<div class=\"elementor-post__text\">\n\t\t\t\t<h3 class=\"elementor-post__title\">\n\t\t\t<a href=\"https:\/\/enerone.com.ar\/energia-renovable\/frv-australia-completa-el-cierre-financiero-del-mayor-proyecto-de-baterias-en-el-pais\/\" >\n\t\t\t\tFRV Australia completa el cierre financiero del mayor proyecto de bater\u00edas en el pa\u00eds\t\t\t<\/a>\n\t\t<\/h3>\n\t\t\t\t<div class=\"elementor-post__meta-data\">\n\t\t\t\t\t<span class=\"elementor-post-date\">\n\t\t\t4 agosto, 2025\t\t<\/span>\n\t\t\t\t<\/div>\n\t\t\t\t<\/div>\n\t\t\t\t<\/article>\n\t\t\t\t<article class=\"elementor-post elementor-grid-item post-10604 post type-post status-publish format-standard has-post-thumbnail hentry category-fotovoltaica tag-ahorro-energetico tag-cuidado-del-medioambiente tag-energia tag-energia-solar tag-energias-renovables tag-espana tag-novedades tag-sol\" role=\"listitem\">\n\t\t\t\t<a class=\"elementor-post__thumbnail__link\" href=\"https:\/\/enerone.com.ar\/energia-renovable\/la-nueva-frontera-de-la-energia-solar-es-la-inteligencia-sistemica\/\" tabindex=\"-1\" >\n\t\t\t<div class=\"elementor-post__thumbnail\"><img loading=\"lazy\" decoding=\"async\" width=\"869\" height=\"488\" src=\"https:\/\/enerone.com.ar\/energia-renovable\/wp-content\/uploads\/2025\/08\/Captura-de-pantalla-2025-08-04-083154.png\" class=\"attachment-full size-full wp-image-10605\" alt=\"\" srcset=\"https:\/\/enerone.com.ar\/energia-renovable\/wp-content\/uploads\/2025\/08\/Captura-de-pantalla-2025-08-04-083154.png 869w, https:\/\/enerone.com.ar\/energia-renovable\/wp-content\/uploads\/2025\/08\/Captura-de-pantalla-2025-08-04-083154-300x168.png 300w, https:\/\/enerone.com.ar\/energia-renovable\/wp-content\/uploads\/2025\/08\/Captura-de-pantalla-2025-08-04-083154-768x431.png 768w\" sizes=\"(max-width: 869px) 100vw, 869px\" \/><\/div>\n\t\t<\/a>\n\t\t\t\t<div class=\"elementor-post__text\">\n\t\t\t\t<h3 class=\"elementor-post__title\">\n\t\t\t<a href=\"https:\/\/enerone.com.ar\/energia-renovable\/la-nueva-frontera-de-la-energia-solar-es-la-inteligencia-sistemica\/\" >\n\t\t\t\tLa nueva frontera de la energ\u00eda solar es la inteligencia sist\u00e9mica\t\t\t<\/a>\n\t\t<\/h3>\n\t\t\t\t<div class=\"elementor-post__meta-data\">\n\t\t\t\t\t<span class=\"elementor-post-date\">\n\t\t\t4 agosto, 2025\t\t<\/span>\n\t\t\t\t<\/div>\n\t\t\t\t<\/div>\n\t\t\t\t<\/article>\n\t\t\t\t<article class=\"elementor-post elementor-grid-item post-10600 post type-post status-publish format-standard has-post-thumbnail hentry category-sin-categoria tag-ahorro-energetico tag-energia-solar tag-energias-renovables tag-ibredrola tag-mexico tag-negociacion tag-venta\" role=\"listitem\">\n\t\t\t\t<a class=\"elementor-post__thumbnail__link\" href=\"https:\/\/enerone.com.ar\/energia-renovable\/iberdrola-contrata-a-barclays-para-vender-15-plantas-de-energia-renovable-en-mexico\/\" tabindex=\"-1\" >\n\t\t\t<div class=\"elementor-post__thumbnail\"><img loading=\"lazy\" decoding=\"async\" width=\"1280\" height=\"720\" src=\"https:\/\/enerone.com.ar\/energia-renovable\/wp-content\/uploads\/2025\/07\/66e4bd7de80f2.jpeg\" class=\"attachment-full size-full wp-image-10601\" alt=\"\" srcset=\"https:\/\/enerone.com.ar\/energia-renovable\/wp-content\/uploads\/2025\/07\/66e4bd7de80f2.jpeg 1280w, https:\/\/enerone.com.ar\/energia-renovable\/wp-content\/uploads\/2025\/07\/66e4bd7de80f2-300x169.jpeg 300w, https:\/\/enerone.com.ar\/energia-renovable\/wp-content\/uploads\/2025\/07\/66e4bd7de80f2-1024x576.jpeg 1024w, https:\/\/enerone.com.ar\/energia-renovable\/wp-content\/uploads\/2025\/07\/66e4bd7de80f2-768x432.jpeg 768w\" sizes=\"(max-width: 1280px) 100vw, 1280px\" \/><\/div>\n\t\t<\/a>\n\t\t\t\t<div class=\"elementor-post__text\">\n\t\t\t\t<h3 class=\"elementor-post__title\">\n\t\t\t<a href=\"https:\/\/enerone.com.ar\/energia-renovable\/iberdrola-contrata-a-barclays-para-vender-15-plantas-de-energia-renovable-en-mexico\/\" >\n\t\t\t\tIberdrola contrata a Barclays para vender 15 plantas de energ\u00eda renovable en M\u00e9xico\t\t\t<\/a>\n\t\t<\/h3>\n\t\t\t\t<div class=\"elementor-post__meta-data\">\n\t\t\t\t\t<span class=\"elementor-post-date\">\n\t\t\t24 julio, 2025\t\t<\/span>\n\t\t\t\t<\/div>\n\t\t\t\t<\/div>\n\t\t\t\t<\/article>\n\t\t\t\t<article class=\"elementor-post elementor-grid-item post-10596 post type-post status-publish format-standard has-post-thumbnail hentry category-fotovoltaica\" role=\"listitem\">\n\t\t\t\t<a class=\"elementor-post__thumbnail__link\" href=\"https:\/\/enerone.com.ar\/energia-renovable\/buscan-agilizar-proyectos-en-energias-renovables\/\" tabindex=\"-1\" >\n\t\t\t<div class=\"elementor-post__thumbnail\"><img loading=\"lazy\" decoding=\"async\" width=\"1200\" height=\"800\" src=\"https:\/\/enerone.com.ar\/energia-renovable\/wp-content\/uploads\/2025\/07\/tipos-de-paneles-solares.jpg\" class=\"attachment-full size-full wp-image-10597\" alt=\"\" srcset=\"https:\/\/enerone.com.ar\/energia-renovable\/wp-content\/uploads\/2025\/07\/tipos-de-paneles-solares.jpg 1200w, https:\/\/enerone.com.ar\/energia-renovable\/wp-content\/uploads\/2025\/07\/tipos-de-paneles-solares-300x200.jpg 300w, https:\/\/enerone.com.ar\/energia-renovable\/wp-content\/uploads\/2025\/07\/tipos-de-paneles-solares-1024x683.jpg 1024w, https:\/\/enerone.com.ar\/energia-renovable\/wp-content\/uploads\/2025\/07\/tipos-de-paneles-solares-768x512.jpg 768w\" sizes=\"(max-width: 1200px) 100vw, 1200px\" \/><\/div>\n\t\t<\/a>\n\t\t\t\t<div class=\"elementor-post__text\">\n\t\t\t\t<h3 class=\"elementor-post__title\">\n\t\t\t<a href=\"https:\/\/enerone.com.ar\/energia-renovable\/buscan-agilizar-proyectos-en-energias-renovables\/\" >\n\t\t\t\tBuscan agilizar proyectos en energ\u00edas renovables\t\t\t<\/a>\n\t\t<\/h3>\n\t\t\t\t<div class=\"elementor-post__meta-data\">\n\t\t\t\t\t<span class=\"elementor-post-date\">\n\t\t\t21 julio, 2025\t\t<\/span>\n\t\t\t\t<\/div>\n\t\t\t\t<\/div>\n\t\t\t\t<\/article>\n\t\t\t\t<\/div>\n\t\t\t\t\t<span class=\"e-load-more-spinner\">\n\t\t\t\t<i aria-hidden=\"true\" class=\"fas fa-spinner\"><\/i>\t\t\t<\/span>\n\t\t\n\t\t\t\t<div class=\"e-load-more-anchor\" data-page=\"1\" data-max-page=\"15\" data-next-page=\"https:\/\/enerone.com.ar\/energia-renovable\/wp-json\/wp\/v2\/pages\/7497\/page\/2\/\"><\/div>\n\t\t\t\t<div class=\"e-load-more-message\"><\/div>\n\t\t\t\t\t\t<\/div>\n\t\t\t\t<\/div>\n\t\t\t\t\t<\/div>\n\t\t\t\t<\/div>\n\t\t\t\t<\/div>\n\t\t","protected":false},"excerpt":{"rendered":"<p>Archivo de noticias<\/p>\n","protected":false},"author":9,"featured_media":0,"parent":34,"menu_order":0,"comment_status":"closed","ping_status":"closed","template":"","meta":{"footnotes":""},"class_list":["post-7497","page","type-page","status-publish","hentry"],"_links":{"self":[{"href":"https:\/\/enerone.com.ar\/energia-renovable\/wp-json\/wp\/v2\/pages\/7497","targetHints":{"allow":["GET"]}}],"collection":[{"href":"https:\/\/enerone.com.ar\/energia-renovable\/wp-json\/wp\/v2\/pages"}],"about":[{"href":"https:\/\/enerone.com.ar\/energia-renovable\/wp-json\/wp\/v2\/types\/page"}],"author":[{"embeddable":true,"href":"https:\/\/enerone.com.ar\/energia-renovable\/wp-json\/wp\/v2\/users\/9"}],"replies":[{"embeddable":true,"href":"https:\/\/enerone.com.ar\/energia-renovable\/wp-json\/wp\/v2\/comments?post=7497"}],"version-history":[{"count":37,"href":"https:\/\/enerone.com.ar\/energia-renovable\/wp-json\/wp\/v2\/pages\/7497\/revisions"}],"predecessor-version":[{"id":8094,"href":"https:\/\/enerone.com.ar\/energia-renovable\/wp-json\/wp\/v2\/pages\/7497\/revisions\/8094"}],"up":[{"embeddable":true,"href":"https:\/\/enerone.com.ar\/energia-renovable\/wp-json\/wp\/v2\/pages\/34"}],"wp:attachment":[{"href":"https:\/\/enerone.com.ar\/energia-renovable\/wp-json\/wp\/v2\/media?parent=7497"}],"curies":[{"name":"wp","href":"https:\/\/api.w.org\/{rel}","templated":true}]}}